{"id":9694,"date":"2021-08-23T08:31:45","date_gmt":"2021-08-23T08:31:45","guid":{"rendered":"https:\/\/www.barcelonaboscurba.com\/qui-som\/"},"modified":"2022-01-31T12:00:35","modified_gmt":"2022-01-31T12:00:35","slug":"quienes-somos","status":"publish","type":"page","link":"https:\/\/www.barcelonaboscurba.com\/es\/quienes-somos\/","title":{"rendered":"\u00bfQui\u00e9nes somos?"},"content":{"rendered":"\t\t<div data-elementor-type=\"wp-page\" data-elementor-id=\"9694\" class=\"elementor elementor-9694 elementor-42\" data-elementor-post-type=\"page\">\n\t\t\t\t\t\t<section class=\"elementor-section elementor-top-section elementor-element elementor-element-b784e3c elementor-section-stretched elementor-section-boxed elementor-section-height-default elementor-section-height-default\" data-id=\"b784e3c\" data-element_type=\"section\" data-e-type=\"section\" data-settings=\"{&quot;stretch_section&quot;:&quot;section-stretched&quot;,&quot;background_background&quot;:&quot;classic&quot;}\">\n\t\t\t\t\t\t\t<div class=\"elementor-background-overlay\"><\/div>\n\t\t\t\t\t\t\t<div class=\"elementor-container elementor-column-gap-default\">\n\t\t\t\t\t<div class=\"elementor-column elementor-col-100 elementor-top-column elementor-element elementor-element-dbbba5e\" data-id=\"dbbba5e\" data-element_type=\"column\" data-e-type=\"column\">\n\t\t\t<div class=\"elementor-widget-wrap elementor-element-populated\">\n\t\t\t\t\t\t<div class=\"elementor-element elementor-element-e7a6091 elementor-widget elementor-widget-heading\" data-id=\"e7a6091\" data-element_type=\"widget\" data-e-type=\"widget\" data-widget_type=\"heading.default\">\n\t\t\t\t<div class=\"elementor-widget-container\">\n\t\t\t\t\t<h1 class=\"elementor-heading-title elementor-size-default\">\u00bfQUI\u00c9NES SOMOS?<\/h1>\t\t\t\t<\/div>\n\t\t\t\t<\/div>\n\t\t\t\t<div class=\"elementor-element elementor-element-80dd097 elementor-widget-divider--view-line elementor-widget elementor-widget-divider\" data-id=\"80dd097\" data-element_type=\"widget\" data-e-type=\"widget\" data-widget_type=\"divider.default\">\n\t\t\t\t<div class=\"elementor-widget-container\">\n\t\t\t\t\t\t\t<div class=\"elementor-divider\">\n\t\t\t<span class=\"elementor-divider-separator\">\n\t\t\t\t\t\t<\/span>\n\t\t<\/div>\n\t\t\t\t\t\t<\/div>\n\t\t\t\t<\/div>\n\t\t\t\t\t<\/div>\n\t\t<\/div>\n\t\t\t\t\t<\/div>\n\t\t<\/section>\n\t\t\t\t<section class=\"elementor-section elementor-top-section elementor-element elementor-element-2fb4a007 elementor-section-stretched elementor-section-boxed elementor-section-height-default elementor-section-height-default\" data-id=\"2fb4a007\" data-element_type=\"section\" data-e-type=\"section\" data-settings=\"{&quot;stretch_section&quot;:&quot;section-stretched&quot;}\">\n\t\t\t\t\t\t<div class=\"elementor-container elementor-column-gap-default\">\n\t\t\t\t\t<div class=\"elementor-column elementor-col-50 elementor-top-column elementor-element elementor-element-e783a4\" data-id=\"e783a4\" data-element_type=\"column\" data-e-type=\"column\">\n\t\t\t<div class=\"elementor-widget-wrap elementor-element-populated\">\n\t\t\t\t\t\t<div class=\"elementor-element elementor-element-6dcbb700 elementor-widget elementor-widget-text-editor\" data-id=\"6dcbb700\" data-element_type=\"widget\" data-e-type=\"widget\" data-widget_type=\"text-editor.default\">\n\t\t\t\t<div class=\"elementor-widget-container\">\n\t\t\t\t\t\t\t\t\t<p>El Barcelona Bosc Urb\u00e0 es un espacio gestionado por la empresa barcelonesa <a target=\"_blank\" href=\"https:\/\/cet10.com\/\" rel=\"noopener\">CET10<\/a>, dedicada desde hace m\u00e1s de 25 a\u00f1os a la promoci\u00f3n deportiva entre ni\u00f1os\/as y j\u00f3venes y a la gesti\u00f3n de centros deportivos y ocio, entre otros.<\/p>\n<p>A finales del 2009 se inaugura en el parque del F\u00f2rum, el Barcelona <strong>Bosc Urb\u00e0, el primer parque de aventuras en altura<\/strong> y en el 2021 presentamos el proyecto totalmente renovado, con nuevas atracciones y espacios. El nuevo Barcelona Bosc Urb\u00e0 est\u00e1 pensado como un espacio l\u00fadico y deportivo para todas las edades, donde disfrutar de una comida original, un rato de relax y sobre todo de las atracciones de aventura. Un espacio abierto a la ciudad en un entorno \u00fanico, donde la seguridad y la aventura se dan la mano para ofrecer una experiencia \u00fanica y apta para todos los p\u00fablicos.&nbsp;<\/p>\t\t\t\t\t\t\t\t<\/div>\n\t\t\t\t<\/div>\n\t\t\t\t\t<\/div>\n\t\t<\/div>\n\t\t\t\t<div class=\"elementor-column elementor-col-50 elementor-top-column elementor-element elementor-element-4da51c9a\" data-id=\"4da51c9a\" data-element_type=\"column\" data-e-type=\"column\">\n\t\t\t<div class=\"elementor-widget-wrap elementor-element-populated\">\n\t\t\t\t\t\t<div class=\"elementor-element elementor-element-668bdc4 elementor-widget elementor-widget-image\" data-id=\"668bdc4\" data-element_type=\"widget\" data-e-type=\"widget\" data-widget_type=\"image.default\">\n\t\t\t\t<div class=\"elementor-widget-container\">\n\t\t\t\t\t\t\t\t\t\t\t\t\t\t\t<img fetchpriority=\"high\" decoding=\"async\" width=\"600\" height=\"301\" src=\"https:\/\/www.barcelonaboscurba.com\/wp-content\/uploads\/sites\/41\/2021\/12\/boscurba-forum.webp\" class=\"attachment-large size-large wp-image-9289\" alt=\"Barcelona Bosc Urb\u00e0\" srcset=\"https:\/\/www.barcelonaboscurba.com\/wp-content\/uploads\/sites\/41\/2021\/12\/boscurba-forum.webp 600w, https:\/\/www.barcelonaboscurba.com\/wp-content\/uploads\/sites\/41\/2021\/12\/boscurba-forum-300x151.webp 300w\" sizes=\"(max-width: 600px) 100vw, 600px\" \/>\t\t\t\t\t\t\t\t\t\t\t\t\t\t\t<\/div>\n\t\t\t\t<\/div>\n\t\t\t\t<div class=\"elementor-element elementor-element-b812f46 elementor-widget elementor-widget-heading\" data-id=\"b812f46\" data-element_type=\"widget\" data-e-type=\"widget\" data-widget_type=\"heading.default\">\n\t\t\t\t<div class=\"elementor-widget-container\">\n\t\t\t\t\t<h2 class=\"elementor-heading-title elementor-size-default\">Barcelona Bosc Urb\u00e0, \u00a1diversi\u00f3n en altura! <\/h2>\t\t\t\t<\/div>\n\t\t\t\t<\/div>\n\t\t\t\t\t<\/div>\n\t\t<\/div>\n\t\t\t\t\t<\/div>\n\t\t<\/section>\n\t\t\t\t<section class=\"elementor-section elementor-top-section elementor-element elementor-element-f19f91c elementor-section-boxed elementor-section-height-default elementor-section-height-default\" data-id=\"f19f91c\" data-element_type=\"section\" data-e-type=\"section\">\n\t\t\t\t\t\t<div class=\"elementor-container elementor-column-gap-default\">\n\t\t\t\t\t<div class=\"elementor-column elementor-col-100 elementor-top-column elementor-element elementor-element-79ef30b\" data-id=\"79ef30b\" data-element_type=\"column\" data-e-type=\"column\">\n\t\t\t<div class=\"elementor-widget-wrap\">\n\t\t\t\t\t\t\t<\/div>\n\t\t<\/div>\n\t\t\t\t\t<\/div>\n\t\t<\/section>\n\t\t\t\t<section class=\"elementor-section elementor-top-section elementor-element elementor-element-7a4a6d3 elementor-section-full_width elementor-section-stretched elementor-hidden-mobile elementor-section-height-default elementor-section-height-default\" data-id=\"7a4a6d3\" data-element_type=\"section\" data-e-type=\"section\" data-settings=\"{&quot;stretch_section&quot;:&quot;section-stretched&quot;,&quot;background_background&quot;:&quot;classic&quot;}\">\n\t\t\t\t\t\t<div class=\"elementor-container elementor-column-gap-default\">\n\t\t\t\t\t<div class=\"elementor-column elementor-col-100 elementor-top-column elementor-element elementor-element-5777a0e\" data-id=\"5777a0e\" data-element_type=\"column\" data-e-type=\"column\">\n\t\t\t<div class=\"elementor-widget-wrap elementor-element-populated\">\n\t\t\t\t\t\t<div class=\"elementor-element elementor-element-df0a9be elementor-widget elementor-widget-image\" data-id=\"df0a9be\" data-element_type=\"widget\" data-e-type=\"widget\" data-widget_type=\"image.default\">\n\t\t\t\t<div class=\"elementor-widget-container\">\n\t\t\t\t\t\t\t\t\t\t\t\t\t\t\t<img decoding=\"async\" width=\"1920\" height=\"213\" src=\"https:\/\/www.barcelonaboscurba.com\/wp-content\/uploads\/sites\/41\/2021\/09\/textura_footer_BBU_Desktop_1920x200px-copias.webp\" class=\"attachment-full size-full wp-image-8297\" alt=\"Barcelona Bosc Urb\u00e0\" srcset=\"https:\/\/www.barcelonaboscurba.com\/wp-content\/uploads\/sites\/41\/2021\/09\/textura_footer_BBU_Desktop_1920x200px-copias.webp 1920w, https:\/\/www.barcelonaboscurba.com\/wp-content\/uploads\/sites\/41\/2021\/09\/textura_footer_BBU_Desktop_1920x200px-copias-300x33.webp 300w, https:\/\/www.barcelonaboscurba.com\/wp-content\/uploads\/sites\/41\/2021\/09\/textura_footer_BBU_Desktop_1920x200px-copias-1024x114.webp 1024w, https:\/\/www.barcelonaboscurba.com\/wp-content\/uploads\/sites\/41\/2021\/09\/textura_footer_BBU_Desktop_1920x200px-copias-768x85.webp 768w, https:\/\/www.barcelonaboscurba.com\/wp-content\/uploads\/sites\/41\/2021\/09\/textura_footer_BBU_Desktop_1920x200px-copias-1536x170.webp 1536w\" sizes=\"(max-width: 1920px) 100vw, 1920px\" \/>\t\t\t\t\t\t\t\t\t\t\t\t\t\t\t<\/div>\n\t\t\t\t<\/div>\n\t\t\t\t\t<\/div>\n\t\t<\/div>\n\t\t\t\t\t<\/div>\n\t\t<\/section>\n\t\t\t\t<section class=\"elementor-section elementor-top-section elementor-element elementor-element-3f3df95 elementor-section-full_width elementor-section-stretched elementor-hidden-desktop elementor-hidden-tablet elementor-section-height-default elementor-section-height-default\" data-id=\"3f3df95\" data-element_type=\"section\" data-e-type=\"section\" data-settings=\"{&quot;stretch_section&quot;:&quot;section-stretched&quot;}\">\n\t\t\t\t\t\t<div class=\"elementor-container elementor-column-gap-default\">\n\t\t\t\t\t<div class=\"elementor-column elementor-col-100 elementor-top-column elementor-element elementor-element-add51b2\" data-id=\"add51b2\" data-element_type=\"column\" data-e-type=\"column\">\n\t\t\t<div class=\"elementor-widget-wrap elementor-element-populated\">\n\t\t\t\t\t\t<div class=\"elementor-element elementor-element-02a2872 elementor-widget elementor-widget-image\" data-id=\"02a2872\" data-element_type=\"widget\" data-e-type=\"widget\" data-widget_type=\"image.default\">\n\t\t\t\t<div class=\"elementor-widget-container\">\n\t\t\t\t\t\t\t\t\t\t\t\t\t\t\t<img decoding=\"async\" width=\"750\" height=\"180\" src=\"https:\/\/www.barcelonaboscurba.com\/wp-content\/uploads\/sites\/41\/2021\/12\/textura_footer_BBU_Mobile_750x180px.webp\" class=\"attachment-full size-full wp-image-9125\" alt=\"Barcelona Bosc Urb\u00e0\" srcset=\"https:\/\/www.barcelonaboscurba.com\/wp-content\/uploads\/sites\/41\/2021\/12\/textura_footer_BBU_Mobile_750x180px.webp 750w, https:\/\/www.barcelonaboscurba.com\/wp-content\/uploads\/sites\/41\/2021\/12\/textura_footer_BBU_Mobile_750x180px-300x72.webp 300w\" sizes=\"(max-width: 750px) 100vw, 750px\" \/>\t\t\t\t\t\t\t\t\t\t\t\t\t\t\t<\/div>\n\t\t\t\t<\/div>\n\t\t\t\t\t<\/div>\n\t\t<\/div>\n\t\t\t\t\t<\/div>\n\t\t<\/section>\n\t\t\t\t<\/div>\n\t\t","protected":false},"excerpt":{"rendered":"<p>\u00bfQUI\u00c9NES SOMOS? El Barcelona Bosc Urb\u00e0 es un espacio gestionado por la empresa barcelonesa CET10, dedicada desde hace m\u00e1s de 25 a\u00f1os a la promoci\u00f3n deportiva entre ni\u00f1os\/as y j\u00f3venes y a la gesti\u00f3n de centros deportivos y ocio, entre otros. A finales del 2009 se inaugura en el parque del F\u00f2rum, el Barcelona Bosc&hellip;<\/p>\n","protected":false},"author":67,"featured_media":0,"parent":0,"menu_order":0,"comment_status":"closed","ping_status":"closed","template":"","meta":{"footnotes":""},"class_list":["post-9694","page","type-page","status-publish","hentry"],"yoast_head":"<!-- This site is optimized with the Yoast SEO plugin v26.8 - https:\/\/yoast.com\/product\/yoast-seo-wordpress\/ -->\n<title>Conoce el Barcelona Bosc Urb\u00e0, el parque de aventuras de la ciudad<\/title>\n<meta name=\"description\" content=\"Ven a conocer el parque de aventuras de la ciudad condal: tirolinas, lianas.... \u00a1y mucho m\u00e1s! Circuito para todos las edades y niveles.\" \/>\n<meta name=\"robots\" content=\"index, follow, max-snippet:-1, max-image-preview:large, max-video-preview:-1\" \/>\n<link rel=\"canonical\" href=\"https:\/\/www.barcelonaboscurba.com\/es\/quienes-somos\/\" \/>\n<meta property=\"og:locale\" content=\"es_ES\" \/>\n<meta property=\"og:type\" content=\"article\" \/>\n<meta property=\"og:title\" content=\"Conoce el Barcelona Bosc Urb\u00e0, el parque de aventuras de la ciudad\" \/>\n<meta property=\"og:description\" content=\"Ven a conocer el parque de aventuras de la ciudad condal: tirolinas, lianas.... \u00a1y mucho m\u00e1s! Circuito para todos las edades y niveles.\" \/>\n<meta property=\"og:url\" content=\"https:\/\/www.barcelonaboscurba.com\/es\/quienes-somos\/\" \/>\n<meta property=\"og:site_name\" content=\"Bosc Urb\u00e0\" \/>\n<meta property=\"article:modified_time\" content=\"2022-01-31T12:00:35+00:00\" \/>\n<meta property=\"og:image\" content=\"https:\/\/www.barcelonaboscurba.com\/wp-content\/uploads\/sites\/41\/2021\/12\/boscurba-forum.webp\" \/>\n<meta name=\"twitter:card\" content=\"summary_large_image\" \/>\n<meta name=\"twitter:label1\" content=\"Tiempo de lectura\" \/>\n\t<meta name=\"twitter:data1\" content=\"2 minutos\" \/>\n<script type=\"application\/ld+json\" class=\"yoast-schema-graph\">{\"@context\":\"https:\/\/schema.org\",\"@graph\":[{\"@type\":\"WebPage\",\"@id\":\"https:\/\/www.barcelonaboscurba.com\/es\/quienes-somos\/\",\"url\":\"https:\/\/www.barcelonaboscurba.com\/es\/quienes-somos\/\",\"name\":\"Conoce el Barcelona Bosc Urb\u00e0, el parque de aventuras de la ciudad\",\"isPartOf\":{\"@id\":\"https:\/\/www.barcelonaboscurba.com\/es\/#website\"},\"primaryImageOfPage\":{\"@id\":\"https:\/\/www.barcelonaboscurba.com\/es\/quienes-somos\/#primaryimage\"},\"image\":{\"@id\":\"https:\/\/www.barcelonaboscurba.com\/es\/quienes-somos\/#primaryimage\"},\"thumbnailUrl\":\"https:\/\/www.barcelonaboscurba.com\/wp-content\/uploads\/sites\/41\/2021\/12\/boscurba-forum.webp\",\"datePublished\":\"2021-08-23T08:31:45+00:00\",\"dateModified\":\"2022-01-31T12:00:35+00:00\",\"description\":\"Ven a conocer el parque de aventuras de la ciudad condal: tirolinas, lianas.... \u00a1y mucho m\u00e1s! Circuito para todos las edades y niveles.\",\"breadcrumb\":{\"@id\":\"https:\/\/www.barcelonaboscurba.com\/es\/quienes-somos\/#breadcrumb\"},\"inLanguage\":\"es\",\"potentialAction\":[{\"@type\":\"ReadAction\",\"target\":[\"https:\/\/www.barcelonaboscurba.com\/es\/quienes-somos\/\"]}]},{\"@type\":\"ImageObject\",\"inLanguage\":\"es\",\"@id\":\"https:\/\/www.barcelonaboscurba.com\/es\/quienes-somos\/#primaryimage\",\"url\":\"https:\/\/www.barcelonaboscurba.com\/wp-content\/uploads\/sites\/41\/2021\/12\/boscurba-forum.webp\",\"contentUrl\":\"https:\/\/www.barcelonaboscurba.com\/wp-content\/uploads\/sites\/41\/2021\/12\/boscurba-forum.webp\"},{\"@type\":\"BreadcrumbList\",\"@id\":\"https:\/\/www.barcelonaboscurba.com\/es\/quienes-somos\/#breadcrumb\",\"itemListElement\":[{\"@type\":\"ListItem\",\"position\":1,\"name\":\"Portada\",\"item\":\"https:\/\/www.barcelonaboscurba.com\/es\/\"},{\"@type\":\"ListItem\",\"position\":2,\"name\":\"\u00bfQui\u00e9nes somos?\"}]},{\"@type\":\"WebSite\",\"@id\":\"https:\/\/www.barcelonaboscurba.com\/es\/#website\",\"url\":\"https:\/\/www.barcelonaboscurba.com\/es\/\",\"name\":\"Bosc Urb\u00e0\",\"description\":\"El parc d&#039;aventures de Barcelona\",\"publisher\":{\"@id\":\"https:\/\/www.barcelonaboscurba.com\/es\/#organization\"},\"potentialAction\":[{\"@type\":\"SearchAction\",\"target\":{\"@type\":\"EntryPoint\",\"urlTemplate\":\"https:\/\/www.barcelonaboscurba.com\/es\/?s={search_term_string}\"},\"query-input\":{\"@type\":\"PropertyValueSpecification\",\"valueRequired\":true,\"valueName\":\"search_term_string\"}}],\"inLanguage\":\"es\"},{\"@type\":\"Organization\",\"@id\":\"https:\/\/www.barcelonaboscurba.com\/es\/#organization\",\"name\":\"Bosc Urb\u00e0\",\"url\":\"https:\/\/www.barcelonaboscurba.com\/es\/\",\"logo\":{\"@type\":\"ImageObject\",\"inLanguage\":\"es\",\"@id\":\"https:\/\/www.barcelonaboscurba.com\/es\/#\/schema\/logo\/image\/\",\"url\":\"https:\/\/www.barcelonaboscurba.com\/wp-content\/uploads\/sites\/41\/2021\/11\/logo-desktop.webp\",\"contentUrl\":\"https:\/\/www.barcelonaboscurba.com\/wp-content\/uploads\/sites\/41\/2021\/11\/logo-desktop.webp\",\"width\":160,\"height\":96,\"caption\":\"Bosc Urb\u00e0\"},\"image\":{\"@id\":\"https:\/\/www.barcelonaboscurba.com\/es\/#\/schema\/logo\/image\/\"}}]}<\/script>\n<!-- \/ Yoast SEO plugin. -->","yoast_head_json":{"title":"Conoce el Barcelona Bosc Urb\u00e0, el parque de aventuras de la ciudad","description":"Ven a conocer el parque de aventuras de la ciudad condal: tirolinas, lianas.... \u00a1y mucho m\u00e1s! Circuito para todos las edades y niveles.","robots":{"index":"index","follow":"follow","max-snippet":"max-snippet:-1","max-image-preview":"max-image-preview:large","max-video-preview":"max-video-preview:-1"},"canonical":"https:\/\/www.barcelonaboscurba.com\/es\/quienes-somos\/","og_locale":"es_ES","og_type":"article","og_title":"Conoce el Barcelona Bosc Urb\u00e0, el parque de aventuras de la ciudad","og_description":"Ven a conocer el parque de aventuras de la ciudad condal: tirolinas, lianas.... \u00a1y mucho m\u00e1s! Circuito para todos las edades y niveles.","og_url":"https:\/\/www.barcelonaboscurba.com\/es\/quienes-somos\/","og_site_name":"Bosc Urb\u00e0","article_modified_time":"2022-01-31T12:00:35+00:00","og_image":[{"url":"https:\/\/www.barcelonaboscurba.com\/wp-content\/uploads\/sites\/41\/2021\/12\/boscurba-forum.webp","type":"","width":"","height":""}],"twitter_card":"summary_large_image","twitter_misc":{"Tiempo de lectura":"2 minutos"},"schema":{"@context":"https:\/\/schema.org","@graph":[{"@type":"WebPage","@id":"https:\/\/www.barcelonaboscurba.com\/es\/quienes-somos\/","url":"https:\/\/www.barcelonaboscurba.com\/es\/quienes-somos\/","name":"Conoce el Barcelona Bosc Urb\u00e0, el parque de aventuras de la ciudad","isPartOf":{"@id":"https:\/\/www.barcelonaboscurba.com\/es\/#website"},"primaryImageOfPage":{"@id":"https:\/\/www.barcelonaboscurba.com\/es\/quienes-somos\/#primaryimage"},"image":{"@id":"https:\/\/www.barcelonaboscurba.com\/es\/quienes-somos\/#primaryimage"},"thumbnailUrl":"https:\/\/www.barcelonaboscurba.com\/wp-content\/uploads\/sites\/41\/2021\/12\/boscurba-forum.webp","datePublished":"2021-08-23T08:31:45+00:00","dateModified":"2022-01-31T12:00:35+00:00","description":"Ven a conocer el parque de aventuras de la ciudad condal: tirolinas, lianas.... \u00a1y mucho m\u00e1s! Circuito para todos las edades y niveles.","breadcrumb":{"@id":"https:\/\/www.barcelonaboscurba.com\/es\/quienes-somos\/#breadcrumb"},"inLanguage":"es","potentialAction":[{"@type":"ReadAction","target":["https:\/\/www.barcelonaboscurba.com\/es\/quienes-somos\/"]}]},{"@type":"ImageObject","inLanguage":"es","@id":"https:\/\/www.barcelonaboscurba.com\/es\/quienes-somos\/#primaryimage","url":"https:\/\/www.barcelonaboscurba.com\/wp-content\/uploads\/sites\/41\/2021\/12\/boscurba-forum.webp","contentUrl":"https:\/\/www.barcelonaboscurba.com\/wp-content\/uploads\/sites\/41\/2021\/12\/boscurba-forum.webp"},{"@type":"BreadcrumbList","@id":"https:\/\/www.barcelonaboscurba.com\/es\/quienes-somos\/#breadcrumb","itemListElement":[{"@type":"ListItem","position":1,"name":"Portada","item":"https:\/\/www.barcelonaboscurba.com\/es\/"},{"@type":"ListItem","position":2,"name":"\u00bfQui\u00e9nes somos?"}]},{"@type":"WebSite","@id":"https:\/\/www.barcelonaboscurba.com\/es\/#website","url":"https:\/\/www.barcelonaboscurba.com\/es\/","name":"Bosc Urb\u00e0","description":"El parc d&#039;aventures de Barcelona","publisher":{"@id":"https:\/\/www.barcelonaboscurba.com\/es\/#organization"},"potentialAction":[{"@type":"SearchAction","target":{"@type":"EntryPoint","urlTemplate":"https:\/\/www.barcelonaboscurba.com\/es\/?s={search_term_string}"},"query-input":{"@type":"PropertyValueSpecification","valueRequired":true,"valueName":"search_term_string"}}],"inLanguage":"es"},{"@type":"Organization","@id":"https:\/\/www.barcelonaboscurba.com\/es\/#organization","name":"Bosc Urb\u00e0","url":"https:\/\/www.barcelonaboscurba.com\/es\/","logo":{"@type":"ImageObject","inLanguage":"es","@id":"https:\/\/www.barcelonaboscurba.com\/es\/#\/schema\/logo\/image\/","url":"https:\/\/www.barcelonaboscurba.com\/wp-content\/uploads\/sites\/41\/2021\/11\/logo-desktop.webp","contentUrl":"https:\/\/www.barcelonaboscurba.com\/wp-content\/uploads\/sites\/41\/2021\/11\/logo-desktop.webp","width":160,"height":96,"caption":"Bosc Urb\u00e0"},"image":{"@id":"https:\/\/www.barcelonaboscurba.com\/es\/#\/schema\/logo\/image\/"}}]}},"_links":{"self":[{"href":"https:\/\/www.barcelonaboscurba.com\/es\/wp-json\/wp\/v2\/pages\/9694","targetHints":{"allow":["GET"]}}],"collection":[{"href":"https:\/\/www.barcelonaboscurba.com\/es\/wp-json\/wp\/v2\/pages"}],"about":[{"href":"https:\/\/www.barcelonaboscurba.com\/es\/wp-json\/wp\/v2\/types\/page"}],"author":[{"embeddable":true,"href":"https:\/\/www.barcelonaboscurba.com\/es\/wp-json\/wp\/v2\/users\/67"}],"replies":[{"embeddable":true,"href":"https:\/\/www.barcelonaboscurba.com\/es\/wp-json\/wp\/v2\/comments?post=9694"}],"version-history":[{"count":0,"href":"https:\/\/www.barcelonaboscurba.com\/es\/wp-json\/wp\/v2\/pages\/9694\/revisions"}],"wp:attachment":[{"href":"https:\/\/www.barcelonaboscurba.com\/es\/wp-json\/wp\/v2\/media?parent=9694"}],"curies":[{"name":"wp","href":"https:\/\/api.w.org\/{rel}","templated":true}]}}